{"id":74,"date":"2019-12-05T07:31:19","date_gmt":"2019-12-05T07:31:19","guid":{"rendered":"https:\/\/the7.io\/clothing\/?page_id=74"},"modified":"2024-09-24T06:45:45","modified_gmt":"2024-09-24T06:45:45","slug":"new-shoes","status":"publish","type":"page","link":"https:\/\/rmodel.devmax.ch\/?page_id=74","title":{"rendered":"Novit\u00e0 Aeromodellismo"},"content":{"rendered":"<div class=\"wpb-content-wrapper\"><p>[vc_row el_class=&#8221;reverse-row-on-mobile&#8221;][vc_column css=&#8221;.vc_custom_1580968097079{padding-right: 10px !important;padding-left: 20px !important;}&#8221; offset=&#8221;vc_col-xs-12&#8243;]<div class=\"woocommerce columns-4 \"><div class=\"wf-container dt-products  woo-hover products loading-effect-fade-in description-on-hover cart-btn-on-img wc-img-hover hide-description wc-grid\" data-padding=\"0px\" data-cur-page=\"1\" data-desktop-columns-num=\"3\" data-v-tablet-columns-num=\"1\" data-h-tablet-columns-num=\"2\" data-phone-columns-num=\"1\">\n\n<article class=\"post visible description-off product type-product post-2881 status-publish first instock product_cat-droni product_tag-micro-drone-65mm product_tag-racing-drone has-post-thumbnail shipping-taxable purchasable product-type-simple\">\n\n\t<figure class=\"woocom-project\">\n\t<div class=\"woo-buttons-on-img\">\n\n\t\t<a href=\"https:\/\/rmodel.devmax.ch\/?product=drone-happymodel-mobeetle6-65mm\" class=\"alignnone layzr-bg\"><img loading=\"lazy\" decoding=\"async\" width=\"1000\" height=\"821\" src=\"data:image\/svg+xml;charset=utf-8,%3Csvg xmlns%3D&#039;http%3A%2F%2Fwww.w3.org%2F2000%2Fsvg&#039; viewBox%3D&#039;0 0 1000 821&#039;%2F%3E\" class=\"attachment-woocommerce_thumbnail size-woocommerce_thumbnail lazy-load preload-me\" alt=\"\" data-src=\"https:\/\/rmodel.devmax.ch\/wp-content\/uploads\/2024\/09\/Drone1.webp\" data-srcset=\"https:\/\/rmodel.devmax.ch\/wp-content\/uploads\/2024\/09\/Drone1.webp 1000w, https:\/\/rmodel.devmax.ch\/wp-content\/uploads\/2024\/09\/Drone1-300x246.webp 300w, https:\/\/rmodel.devmax.ch\/wp-content\/uploads\/2024\/09\/Drone1-768x631.webp 768w\" \/><img loading=\"lazy\" decoding=\"async\" width=\"1000\" height=\"821\" src=\"data:image\/svg+xml;charset=utf-8,%3Csvg xmlns%3D&#039;http%3A%2F%2Fwww.w3.org%2F2000%2Fsvg&#039; viewBox%3D&#039;0 0 1000 821&#039;%2F%3E\" class=\"show-on-hover back-image lazy-load preload-me\" alt=\"\" data-src=\"https:\/\/rmodel.devmax.ch\/wp-content\/uploads\/2024\/09\/Drone1@3.webp\" data-srcset=\"https:\/\/rmodel.devmax.ch\/wp-content\/uploads\/2024\/09\/Drone1@3.webp 1000w, https:\/\/rmodel.devmax.ch\/wp-content\/uploads\/2024\/09\/Drone1@3-300x246.webp 300w, https:\/\/rmodel.devmax.ch\/wp-content\/uploads\/2024\/09\/Drone1@3-768x631.webp 768w\" \/><\/a>\n\t<\/div>\n\t<figcaption class=\"woocom-list-content\">\n\n\t\t<div class=\"woocommerce-product-details__short-description\">\n\t<h3><span style=\"color: #999999;\">Drone Happymodel Mobeetle6 65mm<\/span><\/h3>\n<p><span class=\"product-title-text\" style=\"color: #999999;\" data-spm=\"0000000Ap\" data-text=\"Happymodel Mobeetle6 65mm 1S AIO Flight Controller incorporato OPENVTX Whoop e Toothpick 2in1 FPV Racing Drone BNF con motore SE0702 23000KV\">Flight Controller incorporato<\/span><\/p>\n<p><span class=\"product-title-text\" style=\"color: #999999;\" data-spm=\"0000000Ap\" data-text=\"Happymodel Mobeetle6 65mm 1S AIO Flight Controller incorporato OPENVTX Whoop e Toothpick 2in1 FPV Racing Drone BNF con motore SE0702 23000KV\">Motore SE0702 23000KV<\/span><\/p>\n<\/div>\n\n\t<\/figcaption>\n<\/figure>\n\n<\/article>\n\n\n\n<article class=\"post visible description-off product type-product post-2887 status-publish instock product_cat-droni product_tag-racing-drone has-post-thumbnail shipping-taxable purchasable product-type-simple\">\n\n\t<figure class=\"woocom-project\">\n\t<div class=\"woo-buttons-on-img\">\n\n\t\t<a href=\"https:\/\/rmodel.devmax.ch\/?product=drone-eachine-wizard-x220s-fpv-racer-rc-drone-omnibus\" class=\"alignnone layzr-bg\"><img loading=\"lazy\" decoding=\"async\" width=\"1000\" height=\"821\" src=\"data:image\/svg+xml;charset=utf-8,%3Csvg xmlns%3D&#039;http%3A%2F%2Fwww.w3.org%2F2000%2Fsvg&#039; viewBox%3D&#039;0 0 1000 821&#039;%2F%3E\" class=\"attachment-woocommerce_thumbnail size-woocommerce_thumbnail lazy-load preload-me\" alt=\"\" data-src=\"https:\/\/rmodel.devmax.ch\/wp-content\/uploads\/2024\/09\/Drone2.webp\" data-srcset=\"https:\/\/rmodel.devmax.ch\/wp-content\/uploads\/2024\/09\/Drone2.webp 1000w, https:\/\/rmodel.devmax.ch\/wp-content\/uploads\/2024\/09\/Drone2-300x246.webp 300w, https:\/\/rmodel.devmax.ch\/wp-content\/uploads\/2024\/09\/Drone2-768x631.webp 768w\" \/><img loading=\"lazy\" decoding=\"async\" width=\"1000\" height=\"821\" src=\"data:image\/svg+xml;charset=utf-8,%3Csvg xmlns%3D&#039;http%3A%2F%2Fwww.w3.org%2F2000%2Fsvg&#039; viewBox%3D&#039;0 0 1000 821&#039;%2F%3E\" class=\"show-on-hover back-image lazy-load preload-me\" alt=\"\" data-src=\"https:\/\/rmodel.devmax.ch\/wp-content\/uploads\/2024\/09\/Drone2@1.webp\" data-srcset=\"https:\/\/rmodel.devmax.ch\/wp-content\/uploads\/2024\/09\/Drone2@1.webp 1000w, https:\/\/rmodel.devmax.ch\/wp-content\/uploads\/2024\/09\/Drone2@1-300x246.webp 300w, https:\/\/rmodel.devmax.ch\/wp-content\/uploads\/2024\/09\/Drone2@1-768x631.webp 768w\" \/><\/a>\n\t<\/div>\n\t<figcaption class=\"woocom-list-content\">\n\n\t\t<div class=\"woocommerce-product-details__short-description\">\n\t<h3>Drone Eachine Wizard X220S FPV Racer RC Drone Omnibus<\/h3>\n<p>Specifica 1<\/p>\n<p>Specifica 2<\/p>\n<p>Specifica 3<\/p>\n<p>Specifiche varie&#8230;<\/p>\n<p>&nbsp;<\/p>\n<\/div>\n\n\t<\/figcaption>\n<\/figure>\n\n<\/article>\n\n\n\n<article class=\"post visible description-off product type-product post-2892 status-publish instock product_cat-droni product_tag-60-fps product_tag-quadricottero product_tag-videocamera-4k has-post-thumbnail shipping-taxable purchasable product-type-simple\">\n\n\t<figure class=\"woocom-project\">\n\t<div class=\"woo-buttons-on-img\">\n\n\t\t<a href=\"https:\/\/rmodel.devmax.ch\/?product=drone-hubsan-zino-2-plus-gps-ultimo-syncleas-9km-fpv\" class=\"alignnone layzr-bg\"><img loading=\"lazy\" decoding=\"async\" width=\"1000\" height=\"821\" src=\"data:image\/svg+xml;charset=utf-8,%3Csvg xmlns%3D&#039;http%3A%2F%2Fwww.w3.org%2F2000%2Fsvg&#039; viewBox%3D&#039;0 0 1000 821&#039;%2F%3E\" class=\"attachment-woocommerce_thumbnail size-woocommerce_thumbnail lazy-load preload-me\" alt=\"\" data-src=\"https:\/\/rmodel.devmax.ch\/wp-content\/uploads\/2024\/09\/Drone3.webp\" data-srcset=\"https:\/\/rmodel.devmax.ch\/wp-content\/uploads\/2024\/09\/Drone3.webp 1000w, https:\/\/rmodel.devmax.ch\/wp-content\/uploads\/2024\/09\/Drone3-300x246.webp 300w, https:\/\/rmodel.devmax.ch\/wp-content\/uploads\/2024\/09\/Drone3-768x631.webp 768w\" \/><img loading=\"lazy\" decoding=\"async\" width=\"1000\" height=\"821\" src=\"data:image\/svg+xml;charset=utf-8,%3Csvg xmlns%3D&#039;http%3A%2F%2Fwww.w3.org%2F2000%2Fsvg&#039; viewBox%3D&#039;0 0 1000 821&#039;%2F%3E\" class=\"show-on-hover back-image lazy-load preload-me\" alt=\"\" data-src=\"https:\/\/rmodel.devmax.ch\/wp-content\/uploads\/2024\/09\/Drone3@1.webp\" data-srcset=\"https:\/\/rmodel.devmax.ch\/wp-content\/uploads\/2024\/09\/Drone3@1.webp 1000w, https:\/\/rmodel.devmax.ch\/wp-content\/uploads\/2024\/09\/Drone3@1-300x246.webp 300w, https:\/\/rmodel.devmax.ch\/wp-content\/uploads\/2024\/09\/Drone3@1-768x631.webp 768w\" \/><\/a>\n\t<\/div>\n\t<figcaption class=\"woocom-list-content\">\n\n\t\t<div class=\"woocommerce-product-details__short-description\">\n\t<h3><span style=\"color: #999999;\">Drone Hubsan Zino 2+ Plus<\/span><\/h3>\n<p class=\"product-title new-tag\" data-spm=\"0000000Ao\"><span class=\"product-title-text\" style=\"color: #999999;\" data-spm=\"0000000Ap\" data-text=\"Hubsan Zino 2+ Plus GPS Ultimo Syncleas 9KM FPV con fotocamera 4K 60fps Gimbal a 3 assi 35 minuti di tempo di volo RC Drone Quadcopter RTF\">Fotocamera 4K 60fps<\/span><\/p>\n<p class=\"product-title new-tag\" data-spm=\"0000000Ao\"><span class=\"product-title-text\" style=\"color: #999999;\" data-spm=\"0000000Ap\" data-text=\"Hubsan Zino 2+ Plus GPS Ultimo Syncleas 9KM FPV con fotocamera 4K 60fps Gimbal a 3 assi 35 minuti di tempo di volo RC Drone Quadcopter RTF\">Gimbal a 3 assi <\/span><\/p>\n<p class=\"product-title new-tag\" data-spm=\"0000000Ao\"><span class=\"product-title-text\" style=\"color: #999999;\" data-spm=\"0000000Ap\" data-text=\"Hubsan Zino 2+ Plus GPS Ultimo Syncleas 9KM FPV con fotocamera 4K 60fps Gimbal a 3 assi 35 minuti di tempo di volo RC Drone Quadcopter RTF\">35 minuti di tempo di volo <\/span><\/p>\n<p class=\"product-title new-tag\" data-spm=\"0000000Ao\"><span class=\"product-title-text\" style=\"color: #999999;\" data-spm=\"0000000Ap\" data-text=\"Hubsan Zino 2+ Plus GPS Ultimo Syncleas 9KM FPV con fotocamera 4K 60fps Gimbal a 3 assi 35 minuti di tempo di volo RC Drone Quadcopter RTF\">RC Drone Quadcopter RTF <\/span><\/p>\n<p class=\"product-title new-tag\" data-spm=\"0000000Ao\"><span style=\"color: #999999;\"><em><strong><span class=\"product-title-text\" data-spm=\"0000000Ap\" data-text=\"Hubsan Zino 2+ Plus GPS Ultimo Syncleas 9KM FPV con fotocamera 4K 60fps Gimbal a 3 assi 35 minuti di tempo di volo RC Drone Quadcopter RTF\">Custodia inclusa<\/span><\/strong><\/em><\/span><\/p>\n<p class=\"product-title new-tag\" data-spm=\"0000000Ao\"><span class=\"product-title-text\" data-spm=\"0000000Ap\" data-text=\"Hubsan Zino 2+ Plus GPS Ultimo Syncleas 9KM FPV con fotocamera 4K 60fps Gimbal a 3 assi 35 minuti di tempo di volo RC Drone Quadcopter RTF\"><span style=\"color: #999999;\"><em><strong>Batteria Inclusa<\/strong><\/em><\/span><br \/>\n<\/span><\/p>\n<\/div>\n\n\t<\/figcaption>\n<\/figure>\n\n<\/article>\n\n\n\n<article class=\"post visible description-off product type-product post-2896 status-publish last instock product_cat-elicotteri product_tag-giroscopio-6-assi product_tag-principianti has-post-thumbnail shipping-taxable purchasable product-type-simple\">\n\n\t<figure class=\"woocom-project\">\n\t<div class=\"woo-buttons-on-img\">\n\n\t\t<a href=\"https:\/\/rmodel.devmax.ch\/?product=elicottero-rc-eachine-e130s-2-4g-4ch-giroscopio-a-6-assi\" class=\"alignnone layzr-bg\"><img loading=\"lazy\" decoding=\"async\" width=\"1000\" height=\"821\" src=\"data:image\/svg+xml;charset=utf-8,%3Csvg xmlns%3D&#039;http%3A%2F%2Fwww.w3.org%2F2000%2Fsvg&#039; viewBox%3D&#039;0 0 1000 821&#039;%2F%3E\" class=\"attachment-woocommerce_thumbnail size-woocommerce_thumbnail lazy-load preload-me\" alt=\"\" data-src=\"https:\/\/rmodel.devmax.ch\/wp-content\/uploads\/2024\/09\/Eli1.webp\" data-srcset=\"https:\/\/rmodel.devmax.ch\/wp-content\/uploads\/2024\/09\/Eli1.webp 1000w, https:\/\/rmodel.devmax.ch\/wp-content\/uploads\/2024\/09\/Eli1-300x246.webp 300w, https:\/\/rmodel.devmax.ch\/wp-content\/uploads\/2024\/09\/Eli1-768x631.webp 768w\" \/><img loading=\"lazy\" decoding=\"async\" width=\"1000\" height=\"821\" src=\"data:image\/svg+xml;charset=utf-8,%3Csvg xmlns%3D&#039;http%3A%2F%2Fwww.w3.org%2F2000%2Fsvg&#039; viewBox%3D&#039;0 0 1000 821&#039;%2F%3E\" class=\"show-on-hover back-image lazy-load preload-me\" alt=\"\" data-src=\"https:\/\/rmodel.devmax.ch\/wp-content\/uploads\/2024\/09\/Eli1@4.webp\" data-srcset=\"https:\/\/rmodel.devmax.ch\/wp-content\/uploads\/2024\/09\/Eli1@4.webp 1000w, https:\/\/rmodel.devmax.ch\/wp-content\/uploads\/2024\/09\/Eli1@4-300x246.webp 300w, https:\/\/rmodel.devmax.ch\/wp-content\/uploads\/2024\/09\/Eli1@4-768x631.webp 768w\" \/><\/a>\n\t<\/div>\n\t<figcaption class=\"woocom-list-content\">\n\n\t\t<div class=\"woocommerce-product-details__short-description\">\n\t<h3><span style=\"color: #999999;\">Elicottero RC Eachine E130S 2.4G 4CH<\/span><\/h3>\n<p><span style=\"color: #999999;\">Giroscopio 6 assi<\/span><\/p>\n<p><span style=\"color: #999999;\">Mantenimento altitudine<\/span><\/p>\n<p><span style=\"color: #999999;\"><em><strong>Specifica A<\/strong><\/em><\/span><\/p>\n<p><span style=\"color: #999999;\"><em><strong>Specifica B<\/strong><\/em><\/span><\/p>\n<p><span style=\"color: #999999;\"><em><strong>Specifica C<\/strong><\/em><\/span><\/p>\n<\/div>\n\n\t<\/figcaption>\n<\/figure>\n\n<\/article>\n\n\n\n<article class=\"post visible description-off product type-product post-2905 status-publish first instock product_cat-motori-termici-4-tempi-nitro product_tag-4-tempi product_tag-glow-plug-f has-post-thumbnail shipping-taxable purchasable product-type-simple\">\n\n\t<figure class=\"woocom-project\">\n\t<div class=\"woo-buttons-on-img\">\n\n\t\t<a href=\"https:\/\/rmodel.devmax.ch\/?product=motore-os-fs-95v\" class=\"alignnone layzr-bg\"><img loading=\"lazy\" decoding=\"async\" width=\"1000\" height=\"821\" src=\"data:image\/svg+xml;charset=utf-8,%3Csvg xmlns%3D&#039;http%3A%2F%2Fwww.w3.org%2F2000%2Fsvg&#039; viewBox%3D&#039;0 0 1000 821&#039;%2F%3E\" class=\"attachment-woocommerce_thumbnail size-woocommerce_thumbnail lazy-load preload-me\" alt=\"\" data-src=\"https:\/\/rmodel.devmax.ch\/wp-content\/uploads\/2024\/09\/Motore-OS-FS-95V.webp\" data-srcset=\"https:\/\/rmodel.devmax.ch\/wp-content\/uploads\/2024\/09\/Motore-OS-FS-95V.webp 1000w, https:\/\/rmodel.devmax.ch\/wp-content\/uploads\/2024\/09\/Motore-OS-FS-95V-300x246.webp 300w, https:\/\/rmodel.devmax.ch\/wp-content\/uploads\/2024\/09\/Motore-OS-FS-95V-768x631.webp 768w\" \/><\/a>\n\t<\/div>\n\t<figcaption class=\"woocom-list-content\">\n\n\t\t<div class=\"woocommerce-product-details__short-description\">\n\t<h3><span style=\"color: #999999;\">Motore OS FS-95V &#8211; 4 tempi<\/span><\/h3>\n<p><span style=\"color: #999999;\"><em>Displacement : 15.59cc\/0.951cu.in.<\/em><\/span><\/p>\n<p><span style=\"color: #999999;\"><em>Bore : 29.0mm\/1.142in.<\/em><\/span><\/p>\n<p><span style=\"color: #999999;\"><em>Stroke : 23.6mm\/0.929in.<\/em><\/span><\/p>\n<p><span style=\"color: #999999;\"><em>Output : 1.7ps\/1.68hp\/10,000r.p.m.<\/em><\/span><\/p>\n<p><span style=\"color: #999999;\"><em>Practical RPM range : 2,100-11,000r.p.m.<\/em><\/span><\/p>\n<p><span style=\"color: #999999;\"><em>Propellersize : Sport\u30fbStunt : 13\u00d77-9,14\u00d76-8 &#8211; Scale : 15\u00d76-8<\/em><\/span><\/p>\n<p><span style=\"color: #999999;\"><em>Engine weight : 592gr.<\/em><\/span><\/p>\n<\/div>\n\n\t<\/figcaption>\n<\/figure>\n\n<\/article>\n\n\n\n<article class=\"post visible description-off product type-product post-2915 status-publish instock product_cat-motori-termici-2-tempi-nitro product_tag-glow-plug-8 has-post-thumbnail shipping-taxable purchasable product-type-simple\">\n\n\t<figure class=\"woocom-project\">\n\t<div class=\"woo-buttons-on-img\">\n\n\t\t<a href=\"https:\/\/rmodel.devmax.ch\/?product=motore-os-max-120ax-ring\" class=\"alignnone layzr-bg\"><img loading=\"lazy\" decoding=\"async\" width=\"1000\" height=\"821\" src=\"data:image\/svg+xml;charset=utf-8,%3Csvg xmlns%3D&#039;http%3A%2F%2Fwww.w3.org%2F2000%2Fsvg&#039; viewBox%3D&#039;0 0 1000 821&#039;%2F%3E\" class=\"attachment-woocommerce_thumbnail size-woocommerce_thumbnail lazy-load preload-me\" alt=\"\" data-src=\"https:\/\/rmodel.devmax.ch\/wp-content\/uploads\/2024\/09\/Motore-OS-MAX-120AX-RING.webp\" data-srcset=\"https:\/\/rmodel.devmax.ch\/wp-content\/uploads\/2024\/09\/Motore-OS-MAX-120AX-RING.webp 1000w, https:\/\/rmodel.devmax.ch\/wp-content\/uploads\/2024\/09\/Motore-OS-MAX-120AX-RING-300x246.webp 300w, https:\/\/rmodel.devmax.ch\/wp-content\/uploads\/2024\/09\/Motore-OS-MAX-120AX-RING-768x631.webp 768w\" \/><\/a>\n\t<\/div>\n\t<figcaption class=\"woocom-list-content\">\n\n\t\t<div class=\"woocommerce-product-details__short-description\">\n\t<h3><span style=\"color: #999999;\">Motore OS MAX-120AX RING<\/span><\/h3>\n<p><span style=\"color: #999999;\"><em>Displacement : 15.59cc\/0.951cu.in.<\/em><\/span><\/p>\n<p><span style=\"color: #999999;\"><em>Bore : 29.0mm\/1.142in.<\/em><\/span><\/p>\n<p><span style=\"color: #999999;\"><em>Stroke : 23.6mm\/0.929in.<\/em><\/span><\/p>\n<p><span style=\"color: #999999;\"><em>Output : 1.7ps\/1.68hp\/10,000r.p.m.<\/em><\/span><\/p>\n<p><span style=\"color: #999999;\"><em>Practical RPM range : 2,100-11,000r.p.m.<\/em><\/span><\/p>\n<p><span style=\"color: #999999;\"><em>Propellersize : Sport\u30fbStunt : 13\u00d77-9,14\u00d76-8 \u2013 Scale : 15\u00d76-8<\/em><\/span><\/p>\n<p><span style=\"color: #999999;\"><em>Engine weight : 592gr.<\/em><\/span><\/p>\n<\/div>\n\n\t<\/figcaption>\n<\/figure>\n\n<\/article>\n\n<\/div><\/div>[\/vc_column][\/vc_row]<\/p>\n<\/div>","protected":false},"excerpt":{"rendered":"<p>[vc_row el_class=&#8221;reverse-row-on-mobile&#8221;][vc_column css=&#8221;.vc_custom_1580968097079{padding-right: 10px !important;padding-left: 20px !important;}&#8221; offset=&#8221;vc_col-xs-12&#8243;][\/vc_column][\/vc_row]<\/p>\n","protected":false},"author":1,"featured_media":0,"parent":0,"menu_order":0,"comment_status":"closed","ping_status":"closed","template":"","meta":{"footnotes":""},"class_list":["post-74","page","type-page","status-publish","hentry","description-off"],"_links":{"self":[{"href":"https:\/\/rmodel.devmax.ch\/index.php?rest_route=\/wp\/v2\/pages\/74","targetHints":{"allow":["GET"]}}],"collection":[{"href":"https:\/\/rmodel.devmax.ch\/index.php?rest_route=\/wp\/v2\/pages"}],"about":[{"href":"https:\/\/rmodel.devmax.ch\/index.php?rest_route=\/wp\/v2\/types\/page"}],"author":[{"embeddable":true,"href":"https:\/\/rmodel.devmax.ch\/index.php?rest_route=\/wp\/v2\/users\/1"}],"replies":[{"embeddable":true,"href":"https:\/\/rmodel.devmax.ch\/index.php?rest_route=%2Fwp%2Fv2%2Fcomments&post=74"}],"version-history":[{"count":2,"href":"https:\/\/rmodel.devmax.ch\/index.php?rest_route=\/wp\/v2\/pages\/74\/revisions"}],"predecessor-version":[{"id":2981,"href":"https:\/\/rmodel.devmax.ch\/index.php?rest_route=\/wp\/v2\/pages\/74\/revisions\/2981"}],"wp:attachment":[{"href":"https:\/\/rmodel.devmax.ch\/index.php?rest_route=%2Fwp%2Fv2%2Fmedia&parent=74"}],"curies":[{"name":"wp","href":"https:\/\/api.w.org\/{rel}","templated":true}]}}