{"id":2824,"date":"2024-09-22T05:46:36","date_gmt":"2024-09-22T05:46:36","guid":{"rendered":"https:\/\/rmodel.devmax.ch\/?post_type=product&#038;p=2824"},"modified":"2024-10-01T08:17:44","modified_gmt":"2024-10-01T08:17:44","slug":"batteria-per-auto-rc-64v-900-mah","status":"publish","type":"product","link":"https:\/\/rmodel.devmax.ch\/?product=batteria-per-auto-rc-64v-900-mah","title":{"rendered":"Batteria per auto RC-6,4V 900 mAh"},"content":{"rendered":"<p><span class=\"sc-12ec3e72-1\">La tua vecchia batteria non pu\u00f2 essere caricata completamente? Hai bisogno di una seconda batteria per raddoppiare il tuo tempo di gioco? Allora non dovreste perdere questo articolo.<\/span><\/p>\n<div id=\":riq:\" class=\"sc-12ec3e72-2 bsRnMN\">Per noi di <strong>RModellismo<\/strong> Il voltaggio \u00e8 particolarmente importante quando si sceglie il caricatore giusto. L&#8217;unit\u00e0 milliampere ora (mAH) indica la quantit\u00e0 di carica che pu\u00f2 fluire attraverso il dispositivo in un&#8217;ora. La tua vecchia batteria LiFePO4 non deve essere smaltita con i normali rifiuti domestici. I negozi di elettricit\u00e0 e di ferramenta offrono bidoni gialli per lo smaltimento corretto. E anche i punti di smaltimento delle aziende locali di gestione dei rifiuti offrono un&#8217;opzione di smaltimento.<\/div>\n","protected":false},"excerpt":{"rendered":"<h2><span style=\"color: #999999;\">Batteria per auto RC-6,4V 900 mAh<\/span><\/h2>\n<p>Tipo di batteria : <span class=\"sc-bfbc78f9-0 xrsuS\">LiFePO4<\/span><\/p>\n<p>Peso : 76 gr.<\/p>\n","protected":false},"featured_media":2825,"comment_status":"open","ping_status":"closed","template":"","meta":[],"product_cat":[73,61,46],"product_tag":[107],"class_list":{"0":"post-2824","1":"product","2":"type-product","3":"status-publish","4":"has-post-thumbnail","6":"product_cat-batterie","7":"product_cat-azione-rc","8":"product_cat-azione","9":"product_tag-lipo","10":"description-off","12":"first","13":"instock","14":"shipping-taxable","15":"purchasable","16":"product-type-simple"},"_links":{"self":[{"href":"https:\/\/rmodel.devmax.ch\/index.php?rest_route=\/wp\/v2\/product\/2824","targetHints":{"allow":["GET"]}}],"collection":[{"href":"https:\/\/rmodel.devmax.ch\/index.php?rest_route=\/wp\/v2\/product"}],"about":[{"href":"https:\/\/rmodel.devmax.ch\/index.php?rest_route=\/wp\/v2\/types\/product"}],"replies":[{"embeddable":true,"href":"https:\/\/rmodel.devmax.ch\/index.php?rest_route=%2Fwp%2Fv2%2Fcomments&post=2824"}],"wp:featuredmedia":[{"embeddable":true,"href":"https:\/\/rmodel.devmax.ch\/index.php?rest_route=\/wp\/v2\/media\/2825"}],"wp:attachment":[{"href":"https:\/\/rmodel.devmax.ch\/index.php?rest_route=%2Fwp%2Fv2%2Fmedia&parent=2824"}],"wp:term":[{"taxonomy":"product_cat","embeddable":true,"href":"https:\/\/rmodel.devmax.ch\/index.php?rest_route=%2Fwp%2Fv2%2Fproduct_cat&post=2824"},{"taxonomy":"product_tag","embeddable":true,"href":"https:\/\/rmodel.devmax.ch\/index.php?rest_route=%2Fwp%2Fv2%2Fproduct_tag&post=2824"}],"curies":[{"name":"wp","href":"https:\/\/api.w.org\/{rel}","templated":true}]}}