{"id":2953,"date":"2024-09-23T14:52:30","date_gmt":"2024-09-23T14:52:30","guid":{"rendered":"https:\/\/rmodel.devmax.ch\/?post_type=product&#038;p=2953"},"modified":"2024-09-23T14:52:31","modified_gmt":"2024-09-23T14:52:31","slug":"pilatus-turbo-porter-aeromodello-rc-vq-models","status":"publish","type":"product","link":"https:\/\/rmodel.devmax.ch\/?product=pilatus-turbo-porter-aeromodello-rc-vq-models","title":{"rendered":"Pilatus Turbo Porter Aeromodello RC- VQ Models"},"content":{"rendered":"<h2>Pilatus Porter Aeromodello RC<\/h2>\n<p>Il Pilatus PC-6 Turbo Porter \u00e8 un aereo Svizzero particolarmente noto per le sue propriet\u00e0 di decollo e atterraggio corto (STOL). Il Pilatus \u00e8 anche diventato parte integrante del Mondo del paracadutismo.<\/p>\n<p>Il modello VQ Model del Pilatus PC-6 Turbo Porter \u00e8 stato progettato per l&#8217;uso con azionamenti elettrici brushless e dispone di un cockpit che pu\u00f2 essere facilmente rimosso per una facile sostituzione della batteria. Eventualmente pu\u00f2 essere installato anche un motore a combustione.<\/p>\n<p>Le grandi ruote (circa 75mm di diametro) per mettono decolli e atterraggi quasi ovunque e non saranno mai un problema, anche su piste non asfaltate.<\/p>\n<ul>\n<li>Modello in versione ARF in costruzione in legno tagliato a laser<\/li>\n<li>Rivestito con pellicola stampata altamente dettagliata<\/li>\n<li>Ali divisibili in 2 parti con\u00a0baionetta di collegamento\u00a0per un facile trasporto<\/li>\n<li>Capottina smontabile per la sostituzione della batteria<\/li>\n<li>Predisposto per il montaggio dei galleggianti (fondo rinforzato della fusoliera)<\/li>\n<li>Naca motore in vetroresina verniciata<\/li>\n<\/ul>\n","protected":false},"excerpt":{"rendered":"<h2><span style=\"color: #999999;\">Pilatus Porter Aeromodello RC<\/span><\/h2>\n<p>VQ Model Aeromodello Pilatus Porter PC-6<\/p>\n<p>Turbolenza ARF 1580mm<\/p>\n","protected":false},"featured_media":2952,"comment_status":"open","ping_status":"closed","template":"","meta":[],"product_cat":[95],"product_tag":[],"class_list":{"0":"post-2953","1":"product","2":"type-product","3":"status-publish","4":"has-post-thumbnail","6":"product_cat-aerei-motore-a-scoppio","7":"description-off","9":"first","10":"instock","11":"shipping-taxable","12":"purchasable","13":"product-type-simple"},"_links":{"self":[{"href":"https:\/\/rmodel.devmax.ch\/index.php?rest_route=\/wp\/v2\/product\/2953","targetHints":{"allow":["GET"]}}],"collection":[{"href":"https:\/\/rmodel.devmax.ch\/index.php?rest_route=\/wp\/v2\/product"}],"about":[{"href":"https:\/\/rmodel.devmax.ch\/index.php?rest_route=\/wp\/v2\/types\/product"}],"replies":[{"embeddable":true,"href":"https:\/\/rmodel.devmax.ch\/index.php?rest_route=%2Fwp%2Fv2%2Fcomments&post=2953"}],"wp:featuredmedia":[{"embeddable":true,"href":"https:\/\/rmodel.devmax.ch\/index.php?rest_route=\/wp\/v2\/media\/2952"}],"wp:attachment":[{"href":"https:\/\/rmodel.devmax.ch\/index.php?rest_route=%2Fwp%2Fv2%2Fmedia&parent=2953"}],"wp:term":[{"taxonomy":"product_cat","embeddable":true,"href":"https:\/\/rmodel.devmax.ch\/index.php?rest_route=%2Fwp%2Fv2%2Fproduct_cat&post=2953"},{"taxonomy":"product_tag","embeddable":true,"href":"https:\/\/rmodel.devmax.ch\/index.php?rest_route=%2Fwp%2Fv2%2Fproduct_tag&post=2953"}],"curies":[{"name":"wp","href":"https:\/\/api.w.org\/{rel}","templated":true}]}}