{"id":2954,"date":"2024-09-23T15:00:08","date_gmt":"2024-09-23T15:00:08","guid":{"rendered":"https:\/\/rmodel.devmax.ch\/?post_type=product&#038;p=2954"},"modified":"2024-09-23T15:00:09","modified_gmt":"2024-09-23T15:00:09","slug":"e-flite-aeromodello-rc-carbon-z-t-28-trojan","status":"publish","type":"product","link":"https:\/\/rmodel.devmax.ch\/?product=e-flite-aeromodello-rc-carbon-z-t-28-trojan","title":{"rendered":"E-flite Aeromodello RC Carbon-Z T-28 Trojan"},"content":{"rendered":"<h2>E-flite Aeromodello RC Carbon-Z T-28 Trojan<\/h2>\n<p>E-flite Aeromodello elettrico Carbon-Z T-28 Trojan 2.0m versione BNF Basic senza batteria, caricatore e trasmettitore, con tecnologia AS3X e SAFE Select (art. EFL013550)<\/p>\n<p>Versione aggiornata e migliorata dell&#8217;E-flite Carbon-Z T-28 Trojan da 2.0m che include carrelli retrattili elettrici resistenti e affidabili, elettronica Smart e Luci di navigazione e atterraggio a LED. Inoltre, \u00e8 disponibile in una finitura di ottima qualit\u00e0, completamente verniciato e altamente visibile!<\/p>\n<p>L&#8217;E-flite Carbon-Z T-28 Trojan 2.0m \u00e8 stato uno dei primi modelli Warbird costruiti che offre caratteristiche di volo, maneggevolezza e prestazioni ineguagliate da nessun altro aeromodello di dimensioni simili.<\/p>\n<p>Le prestazioni rendono il volo facile anche per i piloti che hanno pilotato modelli Warbird pi\u00f9 piccoli ed \u00e8 molto divertente anche per i piloti pi\u00f9 esigenti.<\/p>\n","protected":false},"excerpt":{"rendered":"<h3><span style=\"color: #999999;\">E-flite Aeromodello RC Carbon-Z T-28 Trojan<\/span><\/h3>\n","protected":false},"featured_media":2955,"comment_status":"open","ping_status":"closed","template":"","meta":[],"product_cat":[95],"product_tag":[],"class_list":{"0":"post-2954","1":"product","2":"type-product","3":"status-publish","4":"has-post-thumbnail","6":"product_cat-aerei-motore-a-scoppio","7":"description-off","9":"first","10":"instock","11":"shipping-taxable","12":"purchasable","13":"product-type-simple"},"_links":{"self":[{"href":"https:\/\/rmodel.devmax.ch\/index.php?rest_route=\/wp\/v2\/product\/2954","targetHints":{"allow":["GET"]}}],"collection":[{"href":"https:\/\/rmodel.devmax.ch\/index.php?rest_route=\/wp\/v2\/product"}],"about":[{"href":"https:\/\/rmodel.devmax.ch\/index.php?rest_route=\/wp\/v2\/types\/product"}],"replies":[{"embeddable":true,"href":"https:\/\/rmodel.devmax.ch\/index.php?rest_route=%2Fwp%2Fv2%2Fcomments&post=2954"}],"wp:featuredmedia":[{"embeddable":true,"href":"https:\/\/rmodel.devmax.ch\/index.php?rest_route=\/wp\/v2\/media\/2955"}],"wp:attachment":[{"href":"https:\/\/rmodel.devmax.ch\/index.php?rest_route=%2Fwp%2Fv2%2Fmedia&parent=2954"}],"wp:term":[{"taxonomy":"product_cat","embeddable":true,"href":"https:\/\/rmodel.devmax.ch\/index.php?rest_route=%2Fwp%2Fv2%2Fproduct_cat&post=2954"},{"taxonomy":"product_tag","embeddable":true,"href":"https:\/\/rmodel.devmax.ch\/index.php?rest_route=%2Fwp%2Fv2%2Fproduct_tag&post=2954"}],"curies":[{"name":"wp","href":"https:\/\/api.w.org\/{rel}","templated":true}]}}