{"id":2957,"date":"2024-09-23T15:50:21","date_gmt":"2024-09-23T15:50:21","guid":{"rendered":"https:\/\/rmodel.devmax.ch\/?post_type=product&#038;p=2957"},"modified":"2024-09-23T16:02:47","modified_gmt":"2024-09-23T16:02:47","slug":"aeromodello-rc-aeroscout-765mm-versione-rtf-hobbyzone-mini","status":"publish","type":"product","link":"https:\/\/rmodel.devmax.ch\/?product=aeromodello-rc-aeroscout-765mm-versione-rtf-hobbyzone-mini","title":{"rendered":"Aeromodello RC AeroScout 765mm versione RTF &#8211; Hobbyzone Mini"},"content":{"rendered":"<h2>Aeromodello RC AeroScout 765mm versione RTF &#8211; Hobbyzone Mini<\/h2>\n<h2 style=\"text-align: center;\">Pronto al volo<\/h2>\n<p>Hobbyzone Aeromodello Mini AeroScout 765mm versione RTF pronto all&#8217;uso (art. HBZ5700)<\/p>\n<p>Benvenuto nell&#8217;entusiasmante mondo degli aeromodelli radiocomandati! Se vuoi conquistare il cielo, i modelli\u00a0Hobbyzone sono la scelta perfetta per\u00a0imparare a volare\u00a0con semplicit\u00e0 e divertimento.\u00a0Ogni aeromodello\u00a0Hobbyzone \u00e8 dotato di una tecnologia sviluppata per mantenerti in controllo mentre impari a volare.<\/p>\n<p>Imparare a volare con il Mini AeroScout \u00e8 facile e divertente, anche in aree di volo pi\u00f9 piccole! Ispirato alla versione pi\u00f9 grande AeroScout S, le sue dimensioni ridotte lo rendono il modello trainer ideale da usare in luoghi ristretti in cui non \u00e8 possibile pilotare un modello pi\u00f9 grande.<\/p>\n<p>Ha una robusta struttura in EPO e la stessa configurazione dell&#8217;elica\u00a0posteriore\u00a0della versione dell&#8217;AeroScout S. Ci\u00f2 garantisce una maggiore sicurezza e una migliore protezione del motore e dell&#8217;elica. \u00c8 facile da montare e riparare perch\u00e9, a differenza di altri modelli della sua categoria, le parti pi\u00f9 grandi della struttura si agganciano e si avvitano. Colla o nastro adesivo non sono necessari!<\/p>\n<p><strong>Il\u00a0Mini AeroScout \u00e8 un modello fornito Ready-To-Fly (RTF)<\/strong>: Sono inclusi nel Set un trasmettitore da 2,4GHz, due batterie a stilo AA e una batteria di volo ricaricabile con un carica batterie USB. Non devi acquistare o fornire nient&#8217;altro e puoi volare subito!<\/p>\n<p>Il divertimento non finisce quando hai imparato a volare con il Mini AeroScout! La robusta e leggera struttura ha una potente motorizzazione elettrica che consente lunghi tempi di volo e una potenza pi\u00f9 che sufficiente per alcune acrobazie aeree. Il Mini AeroScout \u00e8 anche divertente per i piloti pi\u00f9 esperti mentre insegnano a volare ad altri piloti.<\/p>\n<p>Caratteristiche principali:<\/p>\n<ul>\n<li>Versione\u00a0ridotta\u00a0dell&#8217;AeroScout S in una dimensione ideale per campi di volo ristretti<\/li>\n<li>Completo al 100% incluso trasmettitore, batteria e caricabatterie in modo da non dover acquistare o preparare nulla<\/li>\n<li>Trasmettitore\u00a0MLP4 con 2,4 GHz per un controllo affidabile senza interferenze<\/li>\n<li>Potente motore elettrico per prestazioni eccellenti e tempi di volo di circa 10 minuti<\/li>\n<li>Batteria LiPo Spektrum da 800mAh 1S 3,7V<\/li>\n<li>Caricatore USB per una facile ricarica<\/li>\n<li>Struttura EPO leggera e robusta, perfetta per i principianti<\/li>\n<li>Elica posteriore a pressione per una maggiore sicurezza operativa e una migliore protezione<\/li>\n<li>Decollo e atterraggio da una superficie piana\u00a0con il carrello incluso<\/li>\n<li>Carrello rimovibile per\u00a0decolli a lancio\u00a0e atterraggi su erba<\/li>\n<li>Veloce e facile da montare: non sono necessari colla o attrezzi speciali. E&#8217; pronto a volare in pochi minuti<\/li>\n<li>Adatto anche per piccole acrobazie aeree<\/li>\n<li>Ampia gamma di ricambi disponibili<\/li>\n<\/ul>\n","protected":false},"excerpt":{"rendered":"<h3><span style=\"color: #999999;\">Aeromodello RC AeroScout 765mm versione RTF<\/span><\/h3>\n","protected":false},"featured_media":2958,"comment_status":"open","ping_status":"closed","template":"","meta":[],"product_cat":[85],"product_tag":[129,146],"class_list":{"0":"post-2957","1":"product","2":"type-product","3":"status-publish","4":"has-post-thumbnail","6":"product_cat-aerei-con-motore-elettrico","7":"product_tag-principianti","8":"product_tag-pronto-al-avolo","9":"description-off","11":"first","12":"instock","13":"shipping-taxable","14":"purchasable","15":"product-type-simple"},"_links":{"self":[{"href":"https:\/\/rmodel.devmax.ch\/index.php?rest_route=\/wp\/v2\/product\/2957","targetHints":{"allow":["GET"]}}],"collection":[{"href":"https:\/\/rmodel.devmax.ch\/index.php?rest_route=\/wp\/v2\/product"}],"about":[{"href":"https:\/\/rmodel.devmax.ch\/index.php?rest_route=\/wp\/v2\/types\/product"}],"replies":[{"embeddable":true,"href":"https:\/\/rmodel.devmax.ch\/index.php?rest_route=%2Fwp%2Fv2%2Fcomments&post=2957"}],"wp:featuredmedia":[{"embeddable":true,"href":"https:\/\/rmodel.devmax.ch\/index.php?rest_route=\/wp\/v2\/media\/2958"}],"wp:attachment":[{"href":"https:\/\/rmodel.devmax.ch\/index.php?rest_route=%2Fwp%2Fv2%2Fmedia&parent=2957"}],"wp:term":[{"taxonomy":"product_cat","embeddable":true,"href":"https:\/\/rmodel.devmax.ch\/index.php?rest_route=%2Fwp%2Fv2%2Fproduct_cat&post=2957"},{"taxonomy":"product_tag","embeddable":true,"href":"https:\/\/rmodel.devmax.ch\/index.php?rest_route=%2Fwp%2Fv2%2Fproduct_tag&post=2957"}],"curies":[{"name":"wp","href":"https:\/\/api.w.org\/{rel}","templated":true}]}}