{"id":2959,"date":"2024-09-23T16:00:51","date_gmt":"2024-09-23T16:00:51","guid":{"rendered":"https:\/\/rmodel.devmax.ch\/?post_type=product&#038;p=2959"},"modified":"2024-09-23T16:45:12","modified_gmt":"2024-09-23T16:45:12","slug":"aeromodello-rc-kyosho-calmato-alpha-40-sports-toughlon","status":"publish","type":"product","link":"https:\/\/rmodel.devmax.ch\/?product=aeromodello-rc-kyosho-calmato-alpha-40-sports-toughlon","title":{"rendered":"Aeromodello RC Kyosho Calmato Alpha 40 Sports Toughlon"},"content":{"rendered":"<h2>Aeromodello RC Kyosho Calmato Alpha 40 Sports Toughlon<\/h2>\n<p>Motore termico consigliato: <a href=\"https:\/\/rmodel.devmax.ch\/?product=motore-os-max-46axii\"><em><strong><span style=\"color: #993366;\">Motore OS<\/span><\/strong><\/em><span style=\"color: #993366;\"> MAX-46AXII <\/span><\/a>or <em><strong><span style=\"color: #993366;\"><a style=\"color: #993366;\" href=\"https:\/\/rmodel.devmax.ch\/?product=kt-force-power-46f-46aii\">Motore KT <\/a><\/span><\/strong><span style=\"color: #993366;\"><a style=\"color: #993366;\" href=\"#\">Force Power 46F<\/a><\/span><\/em>:<\/p>\n<p>&nbsp;<\/p>\n<p>Kyosho Calmato Alpha 40 Sports Toughlon<\/p>\n<p>Il nuovo Calmato\u00a0Toughlon, \u00e8 un modello acrobatico adatto al volo divertente e manovrabile. Il modello si aggiunge alla gamma Kyosho Calmato 40 Sports ad ala bassa.<\/p>\n<p>Il rivestimento del modello \u00e8 stato sostituito dal PVC al Toughlon stampato, di qualit\u00e0 superiore, che offre una maggiore resistenza e un peso inferiore. A differenza delle pellicole in PVC, \u00e8 possibile applicare anche la pellicola di copertura per la riparazioni di eventuali danni. La fusoliera ha la possibilit\u00e0 di essere convertibile\u00a0in motorizzazione a scoppio o elettrica. La nuova colorazione consente di colorare le superfici per migliorare la visibilit\u00e0 in volo.<\/p>\n<ul>\n<li>Progettato per una facile manovrabilit\u00e0 e per l&#8217;introduzione al volo\u00a0acrobatico<\/li>\n<li>Rivestito in Toughlon, materiale pi\u00f9 resistente rispetto al PVC<\/li>\n<li>Convertibile\u00a0in motorizzazione elettrica (EP) oppure a scoppio (GP)<\/li>\n<li>Le ali sono collegate da una baionetta in alluminio e possono essere separate per un facile trasporto<\/li>\n<li>Stabilizzatore verticale, alettoni e timone sono tutti preinstallati<\/li>\n<li>Batteria consigliata Li-Po 14,8V (4 celle) da 4000 &#8211; 5000 mah<\/li>\n<li>Struttura leggera della fusoliera in balsa\u00a0per un volo facile e divertente<\/li>\n<li>Include i piccoli accessori di montaggio, serbatoio e gomme in spugna<\/li>\n<li>Include la figure del pilota verniciato<\/li>\n<\/ul>\n<p>Caratteristiche tecniche:<\/p>\n<ul>\n<li>Lunghezza: 1400mm<\/li>\n<li>Larghezza: 1600mm<\/li>\n<li>Peso: 2500 grammi circa<\/li>\n<li>Superficie alare: 44 dmq<\/li>\n<li>Carico alare: 56 gr\/dmq circa<\/li>\n<li>Profilo alare semi-simmetrico<\/li>\n<li>Elica necessaria: 11&#215;7 &#8211; 12&#215;8<\/li>\n<li>Diametro gomme 60mm<\/li>\n<li>Radiocomando richiesto da quattro canali<\/li>\n<li>Motorizzazione (sia elettrica che a scoppio) venduta separatamente<\/li>\n<li>Motore a scoppio richiesto classe 40-46<\/li>\n<li>Batteria richiesta Li-Po (versione EP) 14,8V 4000-5000mAh<\/li>\n<\/ul>\n<p>Il set contiene:<\/p>\n<ul>\n<li>Fusoliera pre-assemblata ricoperta in\u00a0Toughlon<\/li>\n<li>Set e parti di collegamento<\/li>\n<li>Supporti motore<\/li>\n<li>Serbatoio carburante<\/li>\n<li>Tubo di silicone<\/li>\n<li>Ogiva<\/li>\n<li>Decalcomanie<\/li>\n<\/ul>\n<p>Accessori necessari per in completamento:<\/p>\n<p>VERSIONE Elettrica EP:<\/p>\n<ul>\n<li>Radiocomando completo da 4 canali<\/li>\n<li>Quattro servocomandi standard<\/li>\n<li>Prolunghe servo<\/li>\n<li>Elica<\/li>\n<li>Motore Runner Brushless per classe 40-50<\/li>\n<li>Regolatore ESC<\/li>\n<li>Batteria Li-Po<\/li>\n<li>Caricabatterie per batteria Li-Po<\/li>\n<\/ul>\n<p>VERSIONE a scoppio GP:<\/p>\n<ul>\n<li>Radiocomando completo da 4 canali<\/li>\n<li>Cinque servocomandi standard<\/li>\n<li>Prolunghe servo<\/li>\n<li>Elica<\/li>\n<li>Motore nitro a 2 tempi classe 40-46 per\u00a0aeromodello<\/li>\n<li>Accessori di rifornimento e avviamento<\/li>\n<li>Miscela per\u00a0aeromodello<\/li>\n<\/ul>\n<p>&nbsp;<\/p>\n","protected":false},"excerpt":{"rendered":"<h3><span style=\"color: #999999;\">Aeromodello RC Kyosho Calmato Alpha 40 Sports Toughlon<\/span><\/h3>\n<p style=\"text-align: center;\"><span style=\"color: #ff0000;\">MOTORE NON INCLUSO<\/span><\/p>\n<ul>\n<li><span style=\"color: #999999;\">Fusoliera pre-assemblata ricoperta in\u00a0Toughlon<\/span><\/li>\n<li><span style=\"color: #999999;\">Set e parti di collegamento<\/span><\/li>\n<li><span style=\"color: #999999;\">Supporti motore<\/span><\/li>\n<li><span style=\"color: #999999;\">Serbatoio carburante<\/span><\/li>\n<li><span style=\"color: #999999;\">Tubo di silicone<\/span><\/li>\n<li><span style=\"color: #999999;\">Ogiva<\/span><\/li>\n<li><span style=\"color: #999999;\">Decalcomanie<\/span><\/li>\n<\/ul>\n","protected":false},"featured_media":2960,"comment_status":"open","ping_status":"closed","template":"","meta":[],"product_cat":[95,85],"product_tag":[129,146,103],"class_list":{"0":"post-2959","1":"product","2":"type-product","3":"status-publish","4":"has-post-thumbnail","6":"product_cat-aerei-motore-a-scoppio","7":"product_cat-aerei-con-motore-elettrico","8":"product_tag-principianti","9":"product_tag-pronto-al-avolo","10":"product_tag-rosso","11":"description-off","13":"first","14":"instock","15":"shipping-taxable","16":"purchasable","17":"product-type-simple"},"_links":{"self":[{"href":"https:\/\/rmodel.devmax.ch\/index.php?rest_route=\/wp\/v2\/product\/2959","targetHints":{"allow":["GET"]}}],"collection":[{"href":"https:\/\/rmodel.devmax.ch\/index.php?rest_route=\/wp\/v2\/product"}],"about":[{"href":"https:\/\/rmodel.devmax.ch\/index.php?rest_route=\/wp\/v2\/types\/product"}],"replies":[{"embeddable":true,"href":"https:\/\/rmodel.devmax.ch\/index.php?rest_route=%2Fwp%2Fv2%2Fcomments&post=2959"}],"wp:featuredmedia":[{"embeddable":true,"href":"https:\/\/rmodel.devmax.ch\/index.php?rest_route=\/wp\/v2\/media\/2960"}],"wp:attachment":[{"href":"https:\/\/rmodel.devmax.ch\/index.php?rest_route=%2Fwp%2Fv2%2Fmedia&parent=2959"}],"wp:term":[{"taxonomy":"product_cat","embeddable":true,"href":"https:\/\/rmodel.devmax.ch\/index.php?rest_route=%2Fwp%2Fv2%2Fproduct_cat&post=2959"},{"taxonomy":"product_tag","embeddable":true,"href":"https:\/\/rmodel.devmax.ch\/index.php?rest_route=%2Fwp%2Fv2%2Fproduct_tag&post=2959"}],"curies":[{"name":"wp","href":"https:\/\/api.w.org\/{rel}","templated":true}]}}