{"id":2969,"date":"2024-09-23T16:56:53","date_gmt":"2024-09-23T16:56:53","guid":{"rendered":"https:\/\/rmodel.devmax.ch\/?post_type=product&#038;p=2969"},"modified":"2024-09-23T16:56:53","modified_gmt":"2024-09-23T16:56:53","slug":"aeromodello-rc-pilatus-pc-7-swiss-arf-46","status":"publish","type":"product","link":"https:\/\/rmodel.devmax.ch\/?product=aeromodello-rc-pilatus-pc-7-swiss-arf-46","title":{"rendered":"Aeromodello RC Pilatus PC 7 Swiss ARF 46"},"content":{"rendered":"<h2>Aeromodello RC Pilatus PC 7 Swiss ARF 46<\/h2>\n<p>l Pilatus PC-7 \u00e8 originariamente un velivolo da addestramento biposto equipaggiato con un motore turboelica. Il modello RC \u00e8 stato equipaggiato con molti dettagli e colpisce per il suo aspetto fedele all&#8217;originale. Il modello \u00e8 stato sviluppato appositamente per azionamenti elettrici, ma pu\u00f2 essere equipaggiato anche con motore a scoppio nitro o benzina.<\/p>\n<p>Caratteristiche del modello:<\/p>\n<ul>\n<li>Costruzione tradizionale in balsa e compensato delle migliori qualit\u00e0<\/li>\n<li>Accurato rivestimento in film polivinilico prestampato, realistico e di maggior durevolezza<\/li>\n<li>Naca motore in fibra di vetro dipinta<\/li>\n<li>Pratico vano batteria facilmente accessibile utile in caso di motorizzazione elettrica<\/li>\n<li>Funzioni RC: elevatore, alettoni, motore, direzionale<\/li>\n<li>Cockpit e pilota dipinto e installato<\/li>\n<li>Aereo ad ala bassa con caratteristiche di volo acrobatiche<\/li>\n<li>Carrello triciclo fisso di serie<\/li>\n<li>Carrello retrattile elettrico disponibile come accessorio opzionale<\/li>\n<li>Istruzioni\u00a0dettagliate in inglese<\/li>\n<\/ul>\n","protected":false},"excerpt":{"rendered":"<h3><span style=\"color: #999999;\">Aeromodello RC Pilatus PC 7 Swiss ARF 46<\/span><\/h3>\n<ul>\n<li><span style=\"color: #999999;\">Costruzione tradizionale in balsa e compensato delle migliori qualit\u00e0<\/span><\/li>\n<li><span style=\"color: #999999;\">Accurato rivestimento in film polivinilico prestampato, realistico e di maggior durevolezza<\/span><\/li>\n<li><span style=\"color: #999999;\">Naca motore in fibra di vetro dipinta<\/span><\/li>\n<li><span style=\"color: #999999;\">Pratico vano batteria facilmente accessibile utile in caso di motorizzazione elettrica<\/span><\/li>\n<\/ul>\n<p><span style=\"color: #999999;\">Motore termico consigliato:<\/span> <span style=\"color: #993366;\"><strong><a style=\"color: #993366;\" href=\"https:\/\/rmodel.devmax.ch\/?product=motore-os-max-46axii\">Max -46AXII<\/a><\/strong><\/span><\/p>\n","protected":false},"featured_media":2970,"comment_status":"open","ping_status":"closed","template":"","meta":[],"product_cat":[95],"product_tag":[],"class_list":{"0":"post-2969","1":"product","2":"type-product","3":"status-publish","4":"has-post-thumbnail","6":"product_cat-aerei-motore-a-scoppio","7":"description-off","9":"first","10":"instock","11":"shipping-taxable","12":"purchasable","13":"product-type-simple"},"_links":{"self":[{"href":"https:\/\/rmodel.devmax.ch\/index.php?rest_route=\/wp\/v2\/product\/2969","targetHints":{"allow":["GET"]}}],"collection":[{"href":"https:\/\/rmodel.devmax.ch\/index.php?rest_route=\/wp\/v2\/product"}],"about":[{"href":"https:\/\/rmodel.devmax.ch\/index.php?rest_route=\/wp\/v2\/types\/product"}],"replies":[{"embeddable":true,"href":"https:\/\/rmodel.devmax.ch\/index.php?rest_route=%2Fwp%2Fv2%2Fcomments&post=2969"}],"wp:featuredmedia":[{"embeddable":true,"href":"https:\/\/rmodel.devmax.ch\/index.php?rest_route=\/wp\/v2\/media\/2970"}],"wp:attachment":[{"href":"https:\/\/rmodel.devmax.ch\/index.php?rest_route=%2Fwp%2Fv2%2Fmedia&parent=2969"}],"wp:term":[{"taxonomy":"product_cat","embeddable":true,"href":"https:\/\/rmodel.devmax.ch\/index.php?rest_route=%2Fwp%2Fv2%2Fproduct_cat&post=2969"},{"taxonomy":"product_tag","embeddable":true,"href":"https:\/\/rmodel.devmax.ch\/index.php?rest_route=%2Fwp%2Fv2%2Fproduct_tag&post=2969"}],"curies":[{"name":"wp","href":"https:\/\/api.w.org\/{rel}","templated":true}]}}