{"id":2971,"date":"2024-09-23T17:10:28","date_gmt":"2024-09-23T17:10:28","guid":{"rendered":"https:\/\/rmodel.devmax.ch\/?post_type=product&#038;p=2971"},"modified":"2024-09-23T17:39:48","modified_gmt":"2024-09-23T17:39:48","slug":"aeromodello-rc-beechcraft-bonanza","status":"publish","type":"product","link":"https:\/\/rmodel.devmax.ch\/?product=aeromodello-rc-beechcraft-bonanza","title":{"rendered":"Aeromodello RC Beechcraft Bonanza"},"content":{"rendered":"<h2>Aeromodello RC Beechcraft Bonanza versione USA 1560mm<\/h2>\n<p>Il Beechcraft Bonanza \u00e8 stato costruito per oltre 60 anni, ed \u00e8 stato l&#8217;aereo da turismo e business pi\u00f9 costruito al Mondo.<\/p>\n<p>E&#8217; un modello elegante, ben costruito e facile da pilotare. La struttura \u00e8 in costruzione classica in legno foderata e finemente decorata.<\/p>\n","protected":false},"excerpt":{"rendered":"<h3><span style=\"color: #999999;\">Aeromodello RC Beechcraft Bonanza versione USA 1560mm<\/span><\/h3>\n<ul>\n<li><span style=\"color: #999999;\">Apertura alare 1580 mm<\/span><\/li>\n<li><span style=\"color: #999999;\">Lunghezza 1170 mm<\/span><\/li>\n<li><span style=\"color: #999999;\">Peso al decollo circa 3200 gr<\/span><\/li>\n<\/ul>\n<p><span style=\"color: #999999;\">Motore elettrico consigliato:<\/span> <span style=\"color: #993366;\"><strong><a style=\"color: #993366;\" href=\"https:\/\/rmodel.devmax.ch\/?product=motore-elettrico-brushless-boost-80-combo-pichler\">Pilcher Boost 80<\/a><\/strong><\/span><\/p>\n","protected":false},"featured_media":2972,"comment_status":"open","ping_status":"closed","template":"","meta":[],"product_cat":[85],"product_tag":[129],"class_list":{"0":"post-2971","1":"product","2":"type-product","3":"status-publish","4":"has-post-thumbnail","6":"product_cat-aerei-con-motore-elettrico","7":"product_tag-principianti","8":"description-off","10":"first","11":"instock","12":"shipping-taxable","13":"purchasable","14":"product-type-simple"},"_links":{"self":[{"href":"https:\/\/rmodel.devmax.ch\/index.php?rest_route=\/wp\/v2\/product\/2971","targetHints":{"allow":["GET"]}}],"collection":[{"href":"https:\/\/rmodel.devmax.ch\/index.php?rest_route=\/wp\/v2\/product"}],"about":[{"href":"https:\/\/rmodel.devmax.ch\/index.php?rest_route=\/wp\/v2\/types\/product"}],"replies":[{"embeddable":true,"href":"https:\/\/rmodel.devmax.ch\/index.php?rest_route=%2Fwp%2Fv2%2Fcomments&post=2971"}],"wp:featuredmedia":[{"embeddable":true,"href":"https:\/\/rmodel.devmax.ch\/index.php?rest_route=\/wp\/v2\/media\/2972"}],"wp:attachment":[{"href":"https:\/\/rmodel.devmax.ch\/index.php?rest_route=%2Fwp%2Fv2%2Fmedia&parent=2971"}],"wp:term":[{"taxonomy":"product_cat","embeddable":true,"href":"https:\/\/rmodel.devmax.ch\/index.php?rest_route=%2Fwp%2Fv2%2Fproduct_cat&post=2971"},{"taxonomy":"product_tag","embeddable":true,"href":"https:\/\/rmodel.devmax.ch\/index.php?rest_route=%2Fwp%2Fv2%2Fproduct_tag&post=2971"}],"curies":[{"name":"wp","href":"https:\/\/api.w.org\/{rel}","templated":true}]}}